{"id":5,"date":"2021-05-07T16:08:28","date_gmt":"2021-05-07T16:08:28","guid":{"rendered":"https:\/\/www.beaupre.biz\/?page_id=5"},"modified":"2023-08-01T09:26:16","modified_gmt":"2023-08-01T13:26:16","slug":"create-your-website-with-blocks","status":"publish","type":"page","link":"https:\/\/www.beaupre.biz\/","title":{"rendered":"D\u00e9veloppement de logiciels et conception de circuits \u00e9lectroniques"},"content":{"rendered":"\n<h2 class=\"wp-block-heading has-text-align-center\">D\u00e9veloppement de logiciels et conception de circuits \u00e9lectroniques<\/h2>\n\n\n\n<div class=\"wp-block-columns alignwide are-vertically-aligned-center is-style-twentytwentyone-columns-overlap is-layout-flex wp-container-core-columns-is-layout-9d6595d7 wp-block-columns-is-layout-flex\">\n<div class=\"wp-block-column is-vertically-aligned-center is-layout-flow wp-block-column-is-layout-flow\">\n<p class=\"has-text-align-center\">Nous aimons relever les d\u00e9fis, entreprendre le d\u00e9veloppement de produits complexes et d\u00e9velopper des solutions novatrices. Nous avons appris par des ann\u00e9es d&rsquo;exp\u00e9rience dans le d\u00e9veloppement de logiciel et circuits \u00e9lectroniques pour diff\u00e9rents march\u00e9s tel que la d\u00e9fense, le m\u00e9dical et l&rsquo;industriels; nous sommes pr\u00eats \u00e0 entreprendre vos d\u00e9fis et d\u00e9velopper des solutions pour vos produits afin que vous r\u00e9ussissiez dans votre march\u00e9.<\/p>\n<\/div>\n<\/div>\n\n\n\n<div class=\"wp-block-columns alignwide are-vertically-aligned-top is-layout-flex wp-container-core-columns-is-layout-9d6595d7 wp-block-columns-is-layout-flex\">\n<div class=\"wp-block-column is-vertically-aligned-top is-layout-flow wp-block-column-is-layout-flow\">\n<h3 class=\"wp-block-heading has-text-align-center\">D\u00c9VELOPPEMENT STRUCTUR\u00c9<\/h3>\n\n\n\n<p class=\"has-text-align-center\">Nous suivons un processus de conception stricte qui d\u00e9marre de vos besoins et qui termine avec le produit final en passant par les sp\u00e9cifications, les conceptions de circuits, les dessins de circuits imprim\u00e9s, la conception de logiciels et le codage, la conception de FPGA et le code VHDL, la fabrication, les tests et la validation et tout cela, ponctu\u00e9e par des revues de conception.<\/p>\n<\/div>\n\n\n\n<div class=\"wp-block-column is-vertically-aligned-top is-layout-flow wp-block-column-is-layout-flow\">\n<h3 class=\"wp-block-heading has-text-align-center\">MICROCONTR\u00d4LLEURS BAS\u00c9S SUR ARM<\/h3>\n\n\n\n<p class=\"has-text-align-center\">Nous utilisons de puissants microcontr\u00f4leurs sous architecture ARM, MIPS ou AVR pour ajouter de l&rsquo;intelligence \u00e0 votre produit et pour soutenir des algorithmes de grandes complexit\u00e9s. Nous utilisons aussi des microcontr\u00f4leurs plus simple ou sp\u00e9cialis\u00e9s pour par exemple r\u00e9duire la consommation d&rsquo;\u00e9nergie, r\u00e9duire les co\u00fbts, r\u00e9duire la taille, etc.<\/p>\n<\/div>\n\n\n\n<div class=\"wp-block-column is-vertically-aligned-top is-layout-flow wp-block-column-is-layout-flow\">\n<h3 class=\"wp-block-heading has-text-align-center\">CONCEPTION DE CIRCUITS ANALOGIQUES<\/h3>\n\n\n\n<p class=\"has-text-align-center\">Nous connaissons tr\u00e8s bien la conception de circuits analogiques et nous sommes en mesure d&rsquo;interfacer les signaux du monde r\u00e9el comme par exemple pour traiter signaux audio et vid\u00e9o, pour lire des capteurs, pour r\u00e9colter l&rsquo;\u00e9nergie, etc.<\/p>\n<\/div>\n<\/div>\n\n\n\n<div class=\"wp-block-columns alignwide are-vertically-aligned-top is-layout-flex wp-container-core-columns-is-layout-9d6595d7 wp-block-columns-is-layout-flex\">\n<div class=\"wp-block-column is-vertically-aligned-top is-layout-flow wp-block-column-is-layout-flow\">\n<h3 class=\"wp-block-heading has-text-align-center\">INTERFACE POUR ENTR\u00c9ES ET SORTIES INDUSTRIELS<\/h3>\n\n\n\n<p class=\"has-text-align-center\">Le contr\u00f4le industriel n&rsquo;est pas seulement une affaire de logiciel, mais aussi une affaire d&rsquo;interface de moteurs, de vannes, d&rsquo;interrupteurs, de capteurs, etc. Notre grande connaissance des circuits analogiques nous rend tr\u00e8s comp\u00e9tent dans le d\u00e9veloppement de ces syst\u00e8mes.<\/p>\n<\/div>\n\n\n\n<div class=\"wp-block-column is-vertically-aligned-top is-layout-flow wp-block-column-is-layout-flow\">\n<h3 class=\"wp-block-heading has-text-align-center\">D\u00c9VELOPPEMENT<br>FPGA<\/h3>\n\n\n\n<p class=\"has-text-align-center\">Nous avons l&rsquo;expertise dans le d\u00e9veloppement de FPGA pour interfacer des microcontr\u00f4leurs et traiter des signaux num\u00e9riques.<\/p>\n<\/div>\n\n\n\n<div class=\"wp-block-column is-vertically-aligned-top is-layout-flow wp-block-column-is-layout-flow\">\n<h3 class=\"wp-block-heading has-text-align-center\">\u00c9LECTRONIQUE DE PUISSANCE<\/h3>\n\n\n\n<p class=\"has-text-align-center\">L&rsquo;\u00e9lectronique de puissance n&rsquo;est pas un myst\u00e8re pour nous, nous d\u00e9veloppons des alimentations pour DEL, des alimentations \u00e0 d\u00e9coupage, des variateurs de vitesse \u00e0 l&rsquo;aide de MOSFET de puissance, des magn\u00e9tiques sur mesure, ultra condensateurs, commande num\u00e9rique, etc.<\/p>\n<\/div>\n<\/div>\n\n\n\n<div class=\"wp-block-columns alignwide are-vertically-aligned-top is-layout-flex wp-container-core-columns-is-layout-9d6595d7 wp-block-columns-is-layout-flex\">\n<div class=\"wp-block-column is-vertically-aligned-top is-layout-flow wp-block-column-is-layout-flow\">\n<h3 class=\"wp-block-heading has-text-align-center\">LOGICIELS<br>EMBARQU\u00c9S<\/h3>\n\n\n\n<p class=\"has-text-align-center\">Pour mettre toutes ces circuits au travail pour contr\u00f4ler votre syst\u00e8me, nous d\u00e9veloppons des logiciels embarqu\u00e9s avec ou sans RTOS. Nous pouvons \u00e9galement d\u00e9velopper des algorithmes complexes avec DSP lorsque cela est n\u00e9cessaire.<\/p>\n<\/div>\n\n\n\n<div class=\"wp-block-column is-vertically-aligned-top is-layout-flow wp-block-column-is-layout-flow\">\n<p class=\"has-text-align-center\"><\/p>\n<\/div>\n\n\n\n<div class=\"wp-block-column is-vertically-aligned-top is-layout-flow wp-block-column-is-layout-flow\">\n<h3 class=\"wp-block-heading has-text-align-center\">CONDITIONS ENVIRONMENTALES<\/h3>\n\n\n\n<p class=\"has-text-align-center\">Nous savons ce que sont les environnements s\u00e9v\u00e8res. Nous d\u00e9veloppons et testons des produits pour des environnements extr\u00eames de temp\u00e9rature, d&rsquo;humidit\u00e9 et m\u00eame d&rsquo;acc\u00e9l\u00e9ration pour des industries comme l&rsquo;automobile, les machineries lourdes et la d\u00e9fense.<\/p>\n<\/div>\n<\/div>\n\n\n\n<p><strong><em>Nous sommes bien plac\u00e9s pour travailler sur votre projet et ajouter notre expertise \u00e0 la v\u00f4tre. Contactez-nous pour discuter de votre projet.<\/em><\/strong><\/p>\n","protected":false},"excerpt":{"rendered":"<p>D\u00e9veloppement de logiciels et conception de circuits \u00e9lectroniques Nous aimons relever les d\u00e9fis, entreprendre le d\u00e9veloppement de produits complexes et d\u00e9velopper des solutions novatrices. Nous avons appris par des ann\u00e9es d&rsquo;exp\u00e9rience dans le d\u00e9veloppement de logiciel et circuits \u00e9lectroniques pour diff\u00e9rents march\u00e9s tel que la d\u00e9fense, le m\u00e9dical et l&rsquo;industriels; nous sommes pr\u00eats \u00e0 entreprendre&hellip; <a class=\"more-link\" href=\"https:\/\/www.beaupre.biz\/\">Continue reading <span class=\"screen-reader-text\">D\u00e9veloppement de logiciels et conception de circuits \u00e9lectroniques<\/span><\/a><\/p>\n","protected":false},"author":1,"featured_media":0,"parent":0,"menu_order":0,"comment_status":"closed","ping_status":"closed","template":"","meta":{"footnotes":""},"class_list":["post-5","page","type-page","status-publish","hentry","entry"],"_links":{"self":[{"href":"https:\/\/www.beaupre.biz\/index.php?rest_route=\/wp\/v2\/pages\/5","targetHints":{"allow":["GET"]}}],"collection":[{"href":"https:\/\/www.beaupre.biz\/index.php?rest_route=\/wp\/v2\/pages"}],"about":[{"href":"https:\/\/www.beaupre.biz\/index.php?rest_route=\/wp\/v2\/types\/page"}],"author":[{"embeddable":true,"href":"https:\/\/www.beaupre.biz\/index.php?rest_route=\/wp\/v2\/users\/1"}],"replies":[{"embeddable":true,"href":"https:\/\/www.beaupre.biz\/index.php?rest_route=%2Fwp%2Fv2%2Fcomments&post=5"}],"version-history":[{"count":0,"href":"https:\/\/www.beaupre.biz\/index.php?rest_route=\/wp\/v2\/pages\/5\/revisions"}],"wp:attachment":[{"href":"https:\/\/www.beaupre.biz\/index.php?rest_route=%2Fwp%2Fv2%2Fmedia&parent=5"}],"curies":[{"name":"wp","href":"https:\/\/api.w.org\/{rel}","templated":true}]}}